{"id":5,"date":"2024-10-02T18:56:52","date_gmt":"2024-10-02T18:56:52","guid":{"rendered":"http:\/\/www.lasercare.cz\/?page_id=5"},"modified":"2024-10-04T21:20:28","modified_gmt":"2024-10-04T21:20:28","slug":"home","status":"publish","type":"page","link":"https:\/\/www.lasercare.cz\/","title":{"rendered":"O n\u00e1s"},"content":{"rendered":"\n<p class=\"has-text-align-center\">V\u00edtejte na str\u00e1nk\u00e1ch spole\u010dnosti Laser Care, odborn\u00edk\u016f na modern\u00ed estetick\u00e9 \u0159e\u0161en\u00ed. Specializujeme se na strojovou aplikaci kyseliny hyaluronov\u00e9, kter\u00e1 pom\u00e1h\u00e1 udr\u017eovat mladistv\u00fd vzhled a zlep\u0161uje kvalitu poko\u017eky.<\/p>\n\n\n\n<p class=\"has-text-align-center\">Na\u0161i profesion\u00e1lov\u00e9 vyu\u017e\u00edvaj\u00ed nejnov\u011bj\u0161\u00ed technologie pro p\u0159esnou aplikaci kyseliny hyaluronov\u00e9, \u010d\u00edm\u017e zaji\u0161\u0165uj\u00ed optim\u00e1ln\u00ed v\u00fdsledky a maxim\u00e1ln\u00ed spokojenost na\u0161ich klient\u016f. Na\u0161e slu\u017eby jsou navr\u017eeny tak, aby obnovily pru\u017enost, hydrataci a vitalitu pleti.<\/p>\n\n\n\n<p><\/p>\n\n\n<div class=\"wp-block-image\">\n<figure class=\"aligncenter size-large\"><img loading=\"lazy\" decoding=\"async\" width=\"1024\" height=\"373\" src=\"http:\/\/www.lasercare.cz\/wp-content\/uploads\/2024\/10\/7-1024x373.png\" alt=\"\" class=\"wp-image-132\" srcset=\"https:\/\/www.lasercare.cz\/wp-content\/uploads\/2024\/10\/7-1024x373.png 1024w, https:\/\/www.lasercare.cz\/wp-content\/uploads\/2024\/10\/7-300x109.png 300w, https:\/\/www.lasercare.cz\/wp-content\/uploads\/2024\/10\/7-768x280.png 768w, https:\/\/www.lasercare.cz\/wp-content\/uploads\/2024\/10\/7-1536x560.png 1536w, https:\/\/www.lasercare.cz\/wp-content\/uploads\/2024\/10\/7.png 1920w\" sizes=\"auto, (max-width: 1024px) 100vw, 1024px\" \/><\/figure>\n<\/div>","protected":false},"excerpt":{"rendered":"<p>V\u00edtejte na str\u00e1nk\u00e1ch spole\u010dnosti Laser Care, odborn\u00edk\u016f na modern\u00ed estetick\u00e9 \u0159e\u0161en\u00ed. Specializujeme se na strojovou aplikaci kyseliny hyaluronov\u00e9, kter\u00e1 pom\u00e1h\u00e1 udr\u017eovat mladistv\u00fd vzhled a zlep\u0161uje kvalitu poko\u017eky. Na\u0161i profesion\u00e1lov\u00e9 vyu\u017e\u00edvaj\u00ed &hellip; <\/p>\n","protected":false},"author":1,"featured_media":126,"parent":0,"menu_order":0,"comment_status":"closed","ping_status":"closed","template":"","meta":{"footnotes":""},"class_list":["post-5","page","type-page","status-publish","has-post-thumbnail","hentry"],"_links":{"self":[{"href":"https:\/\/www.lasercare.cz\/index.php?rest_route=\/wp\/v2\/pages\/5","targetHints":{"allow":["GET"]}}],"collection":[{"href":"https:\/\/www.lasercare.cz\/index.php?rest_route=\/wp\/v2\/pages"}],"about":[{"href":"https:\/\/www.lasercare.cz\/index.php?rest_route=\/wp\/v2\/types\/page"}],"author":[{"embeddable":true,"href":"https:\/\/www.lasercare.cz\/index.php?rest_route=\/wp\/v2\/users\/1"}],"replies":[{"embeddable":true,"href":"https:\/\/www.lasercare.cz\/index.php?rest_route=%2Fwp%2Fv2%2Fcomments&post=5"}],"version-history":[{"count":5,"href":"https:\/\/www.lasercare.cz\/index.php?rest_route=\/wp\/v2\/pages\/5\/revisions"}],"predecessor-version":[{"id":189,"href":"https:\/\/www.lasercare.cz\/index.php?rest_route=\/wp\/v2\/pages\/5\/revisions\/189"}],"wp:featuredmedia":[{"embeddable":true,"href":"https:\/\/www.lasercare.cz\/index.php?rest_route=\/wp\/v2\/media\/126"}],"wp:attachment":[{"href":"https:\/\/www.lasercare.cz\/index.php?rest_route=%2Fwp%2Fv2%2Fmedia&parent=5"}],"curies":[{"name":"wp","href":"https:\/\/api.w.org\/{rel}","templated":true}]}}