{"id":86,"date":"2024-10-03T14:11:23","date_gmt":"2024-10-03T14:11:23","guid":{"rendered":"https:\/\/www.lasercare.cz\/?page_id=86"},"modified":"2024-10-04T20:06:58","modified_gmt":"2024-10-04T20:06:58","slug":"rezervace","status":"publish","type":"page","link":"https:\/\/www.lasercare.cz\/?page_id=86","title":{"rendered":"Rezervace"},"content":{"rendered":"\n<script src=\"https:\/\/cdn.supersaas.net\/widget.js\"><\/script>\n<script class=\"supersaas-widget\">var supersaas = new SuperSaaS(\"558314:lasercare\",\"743431:LaserCare-Ceske_Budejovice\",{\"widget_type\":\"frame\",\"domain\":\"www.supersaas.cz\"})<\/script>\n\n\n\n<figure class=\"wp-block-gallery has-nested-images columns-default is-cropped wp-block-gallery-1 is-layout-flex wp-block-gallery-is-layout-flex\">\n<figure class=\"wp-block-image size-large\"><img loading=\"lazy\" decoding=\"async\" width=\"275\" height=\"183\" data-id=\"25\" src=\"https:\/\/www.lasercare.cz\/wp-content\/uploads\/2024\/10\/laser-1.jpeg\" alt=\"\" class=\"wp-image-25\"\/><figcaption class=\"wp-element-caption\">Laser<\/figcaption><\/figure>\n\n\n\n<figure class=\"wp-block-image size-large\"><img loading=\"lazy\" decoding=\"async\" width=\"512\" height=\"512\" data-id=\"101\" src=\"https:\/\/www.lasercare.cz\/wp-content\/uploads\/2024\/10\/cropped-3-1.png\" alt=\"\" class=\"wp-image-101\" srcset=\"https:\/\/www.lasercare.cz\/wp-content\/uploads\/2024\/10\/cropped-3-1.png 512w, https:\/\/www.lasercare.cz\/wp-content\/uploads\/2024\/10\/cropped-3-1-300x300.png 300w, https:\/\/www.lasercare.cz\/wp-content\/uploads\/2024\/10\/cropped-3-1-150x150.png 150w, https:\/\/www.lasercare.cz\/wp-content\/uploads\/2024\/10\/cropped-3-1-270x270.png 270w, https:\/\/www.lasercare.cz\/wp-content\/uploads\/2024\/10\/cropped-3-1-192x192.png 192w, https:\/\/www.lasercare.cz\/wp-content\/uploads\/2024\/10\/cropped-3-1-180x180.png 180w, https:\/\/www.lasercare.cz\/wp-content\/uploads\/2024\/10\/cropped-3-1-32x32.png 32w\" sizes=\"auto, (max-width: 512px) 100vw, 512px\" \/><figcaption class=\"wp-element-caption\">REKLAMA<\/figcaption><\/figure>\n\n\n\n<figure class=\"wp-block-image size-large\"><img loading=\"lazy\" decoding=\"async\" width=\"318\" height=\"159\" data-id=\"24\" src=\"https:\/\/www.lasercare.cz\/wp-content\/uploads\/2024\/10\/laser-2.jpeg\" alt=\"\" class=\"wp-image-24\" srcset=\"https:\/\/www.lasercare.cz\/wp-content\/uploads\/2024\/10\/laser-2.jpeg 318w, https:\/\/www.lasercare.cz\/wp-content\/uploads\/2024\/10\/laser-2-300x150.jpeg 300w\" sizes=\"auto, (max-width: 318px) 100vw, 318px\" \/><figcaption class=\"wp-element-caption\">Ods\u00e1v\u00e1n\u00ed<\/figcaption><\/figure>\n<\/figure>\n\n\n<div class=\"wp-block-image\">\n<figure class=\"aligncenter size-large\"><img loading=\"lazy\" decoding=\"async\" width=\"1024\" height=\"373\" src=\"http:\/\/www.lasercare.cz\/wp-content\/uploads\/2024\/10\/5-1024x373.png\" alt=\"\" class=\"wp-image-130\" srcset=\"https:\/\/www.lasercare.cz\/wp-content\/uploads\/2024\/10\/5-1024x373.png 1024w, https:\/\/www.lasercare.cz\/wp-content\/uploads\/2024\/10\/5-300x109.png 300w, https:\/\/www.lasercare.cz\/wp-content\/uploads\/2024\/10\/5-768x280.png 768w, https:\/\/www.lasercare.cz\/wp-content\/uploads\/2024\/10\/5-1536x560.png 1536w, https:\/\/www.lasercare.cz\/wp-content\/uploads\/2024\/10\/5.png 1920w\" sizes=\"auto, (max-width: 1024px) 100vw, 1024px\" \/><\/figure>\n<\/div>","protected":false},"excerpt":{"rendered":"","protected":false},"author":1,"featured_media":132,"parent":0,"menu_order":0,"comment_status":"closed","ping_status":"closed","template":"","meta":{"footnotes":""},"class_list":["post-86","page","type-page","status-publish","has-post-thumbnail","hentry"],"_links":{"self":[{"href":"https:\/\/www.lasercare.cz\/index.php?rest_route=\/wp\/v2\/pages\/86","targetHints":{"allow":["GET"]}}],"collection":[{"href":"https:\/\/www.lasercare.cz\/index.php?rest_route=\/wp\/v2\/pages"}],"about":[{"href":"https:\/\/www.lasercare.cz\/index.php?rest_route=\/wp\/v2\/types\/page"}],"author":[{"embeddable":true,"href":"https:\/\/www.lasercare.cz\/index.php?rest_route=\/wp\/v2\/users\/1"}],"replies":[{"embeddable":true,"href":"https:\/\/www.lasercare.cz\/index.php?rest_route=%2Fwp%2Fv2%2Fcomments&post=86"}],"version-history":[{"count":5,"href":"https:\/\/www.lasercare.cz\/index.php?rest_route=\/wp\/v2\/pages\/86\/revisions"}],"predecessor-version":[{"id":144,"href":"https:\/\/www.lasercare.cz\/index.php?rest_route=\/wp\/v2\/pages\/86\/revisions\/144"}],"wp:featuredmedia":[{"embeddable":true,"href":"https:\/\/www.lasercare.cz\/index.php?rest_route=\/wp\/v2\/media\/132"}],"wp:attachment":[{"href":"https:\/\/www.lasercare.cz\/index.php?rest_route=%2Fwp%2Fv2%2Fmedia&parent=86"}],"curies":[{"name":"wp","href":"https:\/\/api.w.org\/{rel}","templated":true}]}}